{"id":17695,"date":"2024-08-26T09:38:58","date_gmt":"2024-08-26T09:38:58","guid":{"rendered":"https:\/\/maryhillestate.com\/boka-bord\/"},"modified":"2026-02-10T12:33:59","modified_gmt":"2026-02-10T12:33:59","slug":"book-bord","status":"publish","type":"page","link":"https:\/\/maryhillestate.com\/da\/book-bord\/","title":{"rendered":"Book bord p\u00e5 Maryhill Estate"},"content":{"rendered":"<p><div class=\"fusion-fullwidth fullwidth-box fusion-builder-row-1 fusion-flex-container has-pattern-background has-mask-background nonhundred-percent-fullwidth non-hundred-percent-height-scrolling\" style=\"--awb-border-radius-top-left:0px;--awb-border-radius-top-right:0px;--awb-border-radius-bottom-right:0px;--awb-border-radius-bottom-left:0px;--awb-padding-top:0px;--awb-padding-right:0px;--awb-padding-bottom:0px;--awb-padding-left:0px;--awb-padding-right-medium:5%;--awb-padding-left-medium:5%;--awb-margin-top:44px;--awb-margin-top-small:20px;--awb-flex-wrap:wrap;\" ><div class=\"fusion-builder-row fusion-row fusion-flex-align-items-flex-start fusion-flex-justify-content-center fusion-flex-content-wrap\" style=\"max-width:1456px;margin-left: calc(-4% \/ 2 );margin-right: calc(-4% \/ 2 );\"><div class=\"fusion-layout-column fusion_builder_column fusion-builder-column-0 fusion_builder_column_1_2 1_2 fusion-flex-column\" style=\"--awb-bg-size:cover;--awb-width-large:50%;--awb-margin-top-large:0px;--awb-spacing-right-large:3.84%;--awb-margin-bottom-large:10px;--awb-spacing-left-large:3.84%;--awb-width-medium:100%;--awb-order-medium:0;--awb-spacing-right-medium:1.92%;--awb-spacing-left-medium:1.92%;--awb-width-small:100%;--awb-order-small:0;--awb-spacing-right-small:1.92%;--awb-spacing-left-small:1.92%;\"><div class=\"fusion-column-wrapper fusion-column-has-shadow fusion-flex-justify-content-flex-start fusion-content-layout-column\"><div class=\"fusion-title title fusion-title-1 fusion-sep-none fusion-title-center fusion-title-text fusion-title-size-paragraph\" style=\"--awb-margin-bottom:16px;--awb-margin-top-small:10px;--awb-margin-right-small:0px;--awb-margin-bottom-small:10px;--awb-margin-left-small:0px;--awb-font-size:10px;\"><p class=\"fusion-title-heading title-heading-center title-heading-tag\" style=\"font-family:&quot;franklin-gothic-compressed&quot;;font-style:normal;font-weight:400;margin:0;letter-spacing:3.5px;text-transform:uppercase;font-size:1em;\">Table On-Point<\/p><\/div><div class=\"fusion-title title fusion-title-2 fusion-sep-none fusion-title-center fusion-title-text fusion-title-size-one\" style=\"--awb-margin-top:0px;--awb-margin-bottom:20px;--awb-margin-top-small:10px;--awb-margin-right-small:0px;--awb-margin-bottom-small:10px;--awb-margin-left-small:0px;--awb-font-size:2rem;\"><h1 class=\"fusion-title-heading title-heading-center\" style=\"margin:0;font-size:1em;\">Book bord p\u00e5 Maryhill Estate<\/h1><\/div><div class=\"fusion-builder-row fusion-builder-row-inner fusion-row fusion-flex-align-items-flex-start fusion-flex-justify-content-center fusion-flex-content-wrap\" style=\"--awb-flex-grow:0;--awb-flex-grow-medium:0;--awb-flex-grow-small:0;--awb-flex-shrink:0;--awb-flex-shrink-medium:0;--awb-flex-shrink-small:0;width:104% !important;max-width:104% !important;margin-left: calc(-4% \/ 2 );margin-right: calc(-4% \/ 2 );\"><div class=\"fusion-layout-column fusion_builder_column_inner fusion-builder-nested-column-0 fusion_builder_column_inner_1_1 1_1 fusion-flex-column\" style=\"--awb-bg-size:cover;--awb-width-large:100%;--awb-margin-top-large:0px;--awb-spacing-right-large:1.92%;--awb-margin-bottom-large:10px;--awb-spacing-left-large:1.92%;--awb-width-medium:100%;--awb-order-medium:0;--awb-spacing-right-medium:1.92%;--awb-spacing-left-medium:1.92%;--awb-width-small:100%;--awb-order-small:0;--awb-spacing-right-small:1.92%;--awb-spacing-left-small:1.92%;\"><div class=\"fusion-column-wrapper fusion-column-has-shadow fusion-flex-justify-content-flex-start fusion-content-layout-column\"><div class=\"fusion-text fusion-text-1\" style=\"--awb-content-alignment:center;\"><p>V\u00e6lg mellem klassiske retter og nostalgiske smage i Hill House eller The Sugar Club hvor smagene og farverne henter inspiration fra Middelhavet. Med dans og elegance bliver det fremover muligt at bes\u00f8ge os udelukkende for at tage del i en kulinarisk rejse.<\/p>\n<\/div><\/div><\/div><\/div><\/div><\/div><\/div><\/div><div id=\"maryhill\" class=\"fusion-container-anchor\"><div class=\"fusion-fullwidth fullwidth-box fusion-builder-row-2 fusion-flex-container has-pattern-background has-mask-background hundred-percent-fullwidth non-hundred-percent-height-scrolling hero\" style=\"--awb-border-radius-top-left:0px;--awb-border-radius-top-right:0px;--awb-border-radius-bottom-right:0px;--awb-border-radius-bottom-left:0px;--awb-padding-top:0px;--awb-padding-right:5%;--awb-padding-bottom:30px;--awb-padding-left:5%;--awb-margin-top:0px;--awb-flex-wrap:wrap;\" ><div class=\"fusion-builder-row fusion-row fusion-flex-align-items-flex-start fusion-flex-content-wrap\" style=\"width:calc( 100% + 16px ) !important;max-width:calc( 100% + 16px ) !important;margin-left: calc(-16px \/ 2 );margin-right: calc(-16px \/ 2 );\"><div class=\"fusion-layout-column fusion_builder_column fusion-builder-column-1 fusion_builder_column_1_2 1_2 fusion-flex-column fusion-flex-align-self-stretch fusion-animated\" style=\"--awb-padding-top:90px;--awb-padding-right:30px;--awb-padding-bottom:90px;--awb-padding-left:30px;--awb-bg-image:linear-gradient(180deg, rgba(0,0,0,0.3) 0%,rgba(0,0,0,0.3) 100%),url(https:\/\/maryhillestate.com\/wp-content\/uploads\/2024\/11\/Maryhill-Sugar-Club.jpg);;--awb-bg-size:cover;--awb-transition:filter 300ms ease-in, transform 300ms ease-in, background-color 300ms ease-in, border-color 300ms ease-in;--awb-width-large:50%;--awb-margin-top-large:0px;--awb-spacing-right-large:8px;--awb-margin-bottom-large:10px;--awb-spacing-left-large:8px;--awb-width-medium:50%;--awb-order-medium:0;--awb-spacing-right-medium:8px;--awb-spacing-left-medium:8px;--awb-width-small:100%;--awb-order-small:4;--awb-spacing-right-small:8px;--awb-spacing-left-small:8px;\" data-animationType=\"fadeInUp\" data-animationDuration=\"0.3\" data-animationOffset=\"top-into-view\"><div class=\"fusion-column-wrapper fusion-column-has-shadow fusion-flex-justify-content-center fusion-content-layout-column fusion-column-has-bg-image\" data-bg-url=\"https:\/\/maryhillestate.com\/wp-content\/uploads\/2024\/11\/Maryhill-Sugar-Club.jpg\"><div class=\"fusion-title title fusion-title-3 fusion-sep-none fusion-title-center fusion-title-text fusion-title-size-six\" style=\"--awb-text-color:#ffffff;--awb-margin-top-small:10px;--awb-margin-right-small:0px;--awb-margin-bottom-small:10px;--awb-margin-left-small:0px;--awb-font-size:11px;\"><h6 class=\"fusion-title-heading title-heading-center\" style=\"font-family:&quot;franklin-gothic-compressed&quot;;font-style:normal;font-weight:400;margin:0;letter-spacing:6px;text-transform:uppercase;font-size:1em;line-height:16px;\"><strong data-start=\"99\" data-end=\"130\">Morgenmad frokost og middag<\/strong><\/h6><\/div><div class=\"fusion-image-element \" style=\"text-align:center;--awb-margin-bottom-small:20px;--awb-max-width:230px;--awb-caption-title-font-family:var(--h2_typography-font-family);--awb-caption-title-font-weight:var(--h2_typography-font-weight);--awb-caption-title-font-style:var(--h2_typography-font-style);--awb-caption-title-size:var(--h2_typography-font-size);--awb-caption-title-transform:var(--h2_typography-text-transform);--awb-caption-title-line-height:var(--h2_typography-line-height);--awb-caption-title-letter-spacing:var(--h2_typography-letter-spacing);\"><span class=\" fusion-imageframe imageframe-none imageframe-1 hover-type-none\"><img decoding=\"async\" width=\"1024\" height=\"1024\" title=\"logo-sugarclub-white\" src=\"https:\/\/maryhillestate.com\/wp-content\/uploads\/2023\/04\/logo-sugarclub-white.svg\" alt class=\"img-responsive wp-image-959\"\/><\/span><\/div><div class=\"fusion-title title fusion-title-4 fusion-sep-none fusion-title-center fusion-title-text fusion-title-size-paragraph\" style=\"--awb-text-color:#fcfcfc;--awb-margin-top-small:10px;--awb-margin-right-small:0px;--awb-margin-bottom-small:30px;--awb-margin-left-small:0px;--awb-font-size:16px;\"><p class=\"fusion-title-heading title-heading-center title-heading-tag\" style=\"font-family:&quot;franklin-gothic-compressed&quot;;font-style:normal;font-weight:400;margin:0;text-transform:none;font-size:1em;\">Her f\u00e5r du smage fra Gr\u00e6kenland og Syditalien midt i Sk\u00e5ne. En social og rummelig restaurant med terrasse og god plads. Menukortet rummer alt fra fisk og skaldyr, til k\u00f8d og gr\u00f8nt og Parilla grillede retter samt gr\u00e6ske klassikere. Her serveres morgenmad, frokost og middag.<\/p><\/div><div class=\"fusion-separator fusion-full-width-sep\" style=\"align-self: center;margin-left: auto;margin-right: auto;margin-top:30px;width:100%;\"><\/div><div style=\"text-align:center;\"><a class=\"fusion-button button-flat button-large button-custom fusion-button-default button-1 fusion-button-default-span fusion-button-default-type\" style=\"--button_accent_color:#002f2e;--button_border_color:rgba(0,47,46,0);--button_accent_hover_color:var(--awb-color1);--button_border_hover_color:#000000;--button_gradient_top_color:var(--awb-color1);--button_gradient_bottom_color:var(--awb-color1);--button_gradient_top_color_hover:#000000;--button_gradient_bottom_color_hover:#000000;\" target=\"_self\" id=\"sc-table-reservation\"><span class=\"fusion-button-text awb-button__text awb-button__text--default\">Book bord i Sugar Club<\/span><\/a><\/div><div id=\"widgetContainer\"><\/div>\n<script>\n   document\n       .getElementById(\"sc-table-reservation\")\n       .addEventListener(\"click\", () => {\n           const config = {};\n           config.widgetContainerId = \"widgetContainer\";\n           config.open = true;\n           config.channelId = \"9a6b6c3e-7164-494f-b6df-a5bb2ef3c82c\";\n           config.languageCulture = \"sv-SE\";\n           config.restaurantId = \"a1262e05-10d0-4323-a0bd-24ea931c9033\";\n           config.singleRestaurant = true;\n           table_reservation_widget.TableReservationWidget({ ...config });\n       });\n<\/script><\/div><\/div><div class=\"fusion-layout-column fusion_builder_column fusion-builder-column-2 fusion_builder_column_1_2 1_2 fusion-flex-column fusion-flex-align-self-stretch fusion-animated\" style=\"--awb-padding-top:90px;--awb-padding-right:30px;--awb-padding-bottom:90px;--awb-padding-left:30px;--awb-bg-image:linear-gradient(180deg, rgba(0,0,0,0.3) 0%,rgba(0,0,0,0.3) 100%),url(https:\/\/maryhillestate.com\/wp-content\/uploads\/2024\/11\/Maryhill-Hill-House.jpg);;--awb-bg-size:cover;--awb-transition:filter 300ms ease-in, transform 300ms ease-in, background-color 300ms ease-in, border-color 300ms ease-in;--awb-width-large:50%;--awb-margin-top-large:0px;--awb-spacing-right-large:8px;--awb-margin-bottom-large:10px;--awb-spacing-left-large:8px;--awb-width-medium:50%;--awb-order-medium:0;--awb-spacing-right-medium:8px;--awb-spacing-left-medium:8px;--awb-width-small:100%;--awb-order-small:3;--awb-spacing-right-small:8px;--awb-margin-bottom-small:20px;--awb-spacing-left-small:8px;\" data-animationType=\"fadeInUp\" data-animationDuration=\"0.3\" data-animationOffset=\"top-into-view\"><div class=\"fusion-column-wrapper fusion-column-has-shadow fusion-flex-justify-content-center fusion-content-layout-column fusion-column-has-bg-image\" data-bg-url=\"https:\/\/maryhillestate.com\/wp-content\/uploads\/2024\/11\/Maryhill-Hill-House.jpg\"><div class=\"fusion-title title fusion-title-5 fusion-sep-none fusion-title-center fusion-title-text fusion-title-size-six\" style=\"--awb-text-color:#ffffff;--awb-margin-top-small:10px;--awb-margin-right-small:0px;--awb-margin-bottom-small:10px;--awb-margin-left-small:0px;--awb-font-size:11px;\"><h6 class=\"fusion-title-heading title-heading-center\" style=\"font-family:&quot;franklin-gothic-compressed&quot;;font-style:normal;font-weight:400;margin:0;letter-spacing:6px;text-transform:uppercase;font-size:1em;line-height:16px;\"><p data-start=\"99\" data-end=\"168\"><strong data-start=\"133\" data-end=\"168\">Helgefrokost middag og julebord<\/strong><\/p>\n<p data-start=\"170\" data-end=\"265\" data-is-last-node=\"\" data-is-only-node=\"\"><\/h6><\/div><div class=\"fusion-image-element \" style=\"text-align:center;--awb-margin-bottom-small:20px;--awb-max-width:230px;--awb-caption-title-font-family:var(--h2_typography-font-family);--awb-caption-title-font-weight:var(--h2_typography-font-weight);--awb-caption-title-font-style:var(--h2_typography-font-style);--awb-caption-title-size:var(--h2_typography-font-size);--awb-caption-title-transform:var(--h2_typography-text-transform);--awb-caption-title-line-height:var(--h2_typography-line-height);--awb-caption-title-letter-spacing:var(--h2_typography-letter-spacing);\"><span class=\" fusion-imageframe imageframe-none imageframe-2 hover-type-none\"><img decoding=\"async\" width=\"1024\" height=\"1024\" title=\"logo-hillhouse-white\" src=\"https:\/\/maryhillestate.com\/wp-content\/uploads\/2023\/04\/logo-hillhouse-white.svg\" alt class=\"img-responsive wp-image-965\"\/><\/span><\/div><div class=\"fusion-title title fusion-title-6 fusion-sep-none fusion-title-center fusion-title-text fusion-title-size-paragraph\" style=\"--awb-text-color:#ffffff;--awb-margin-top-small:10px;--awb-margin-right-small:0px;--awb-margin-bottom-small:30px;--awb-margin-left-small:0px;--awb-font-size:16px;\"><p class=\"fusion-title-heading title-heading-center title-heading-tag\" style=\"font-family:&quot;franklin-gothic-compressed&quot;;font-style:normal;font-weight:400;margin:0;text-transform:none;font-size:1em;\"><p data-start=\"917\" data-end=\"1136\">Elegant som New Yorks 20&#8217;ere med kyndig service og varm charme. Retterne f\u00e6rdigg\u00f8res ved bordet for en l\u00f8ftet oplevelse. A la carte serveres om aftenen og i weekenden samt dagens ret til helgefrokosten.&nbsp;Her serveres helgefrokost og middag.<\/p><\/p><\/div><div class=\"fusion-separator fusion-full-width-sep\" style=\"align-self: center;margin-left: auto;margin-right: auto;margin-top:30px;width:100%;\"><\/div><div style=\"text-align:center;\"><a class=\"fusion-button button-flat button-large button-custom fusion-button-default button-2 fusion-button-default-span fusion-button-default-type\" style=\"--button_accent_color:#002f2e;--button_border_color:rgba(0,47,46,0);--button_accent_hover_color:var(--awb-color1);--button_border_hover_color:#000000;--button_gradient_top_color:var(--awb-color1);--button_gradient_bottom_color:var(--awb-color1);--button_gradient_top_color_hover:#000000;--button_gradient_bottom_color_hover:#000000;\" target=\"_self\" id=\"hh-table-reservation\"><span class=\"fusion-button-text awb-button__text awb-button__text--default\">Book bord i Hill House<\/span><\/a><\/div><div id=\"widgetContainer\"><\/div>\n<script>\n   document\n       .getElementById(\"hh-table-reservation\")\n       .addEventListener(\"click\", () => {\n           const config = {};\n           config.widgetContainerId = \"widgetContainer\";\n           config.open = true;\n           config.channelId = \"9a6b6c3e-7164-494f-b6df-a5bb2ef3c82c\";\n           config.languageCulture = \"sv-SE\";\n           config.restaurantId = \"b2e2bbfc-8cb0-450b-bd68-bf17f8cc1b51\";\n           config.singleRestaurant = true;\n           table_reservation_widget.TableReservationWidget({ ...config });\n       });\n<\/script><\/div><\/div><\/div><\/div><\/div><\/p>\n","protected":false},"excerpt":{"rendered":"","protected":false},"author":1,"featured_media":0,"parent":0,"menu_order":0,"comment_status":"closed","ping_status":"closed","template":"100-width.php","meta":{"inline_featured_image":false,"_themeisle_gutenberg_block_has_review":false,"footnotes":""},"class_list":["post-17695","page","type-page","status-publish","hentry"],"yoast_head":"<!-- This site is optimized with the Yoast SEO plugin v27.1.1 - https:\/\/yoast.com\/product\/yoast-seo-wordpress\/ -->\n<title>Book Bord | Maryhill Estate\u00ae<\/title>\n<meta name=\"robots\" content=\"index, follow, max-snippet:-1, max-image-preview:large, max-video-preview:-1\" \/>\n<link rel=\"canonical\" href=\"https:\/\/maryhillestate.com\/da\/book-bord\/\" \/>\n<meta property=\"og:locale\" content=\"da_DK\" \/>\n<meta property=\"og:type\" content=\"article\" \/>\n<meta property=\"og:title\" content=\"Book Bord | Maryhill Estate\u00ae\" \/>\n<meta property=\"og:url\" content=\"https:\/\/maryhillestate.com\/da\/book-bord\/\" \/>\n<meta property=\"og:site_name\" content=\"Maryhill Estate\u00ae\" \/>\n<meta property=\"article:modified_time\" content=\"2026-02-10T12:33:59+00:00\" \/>\n<meta property=\"og:image\" content=\"https:\/\/maryhillestate.com\/wp-content\/uploads\/2024\/09\/maryhill-og.jpg\" \/>\n\t<meta property=\"og:image:width\" content=\"1200\" \/>\n\t<meta property=\"og:image:height\" content=\"630\" \/>\n\t<meta property=\"og:image:type\" content=\"image\/jpeg\" \/>\n<meta name=\"twitter:card\" content=\"summary_large_image\" \/>\n<meta name=\"twitter:label1\" content=\"Estimeret l\u00e6setid\" \/>\n\t<meta name=\"twitter:data1\" content=\"2 minutter\" \/>\n<script type=\"application\/ld+json\" class=\"yoast-schema-graph\">{\"@context\":\"https:\/\/schema.org\",\"@graph\":[{\"@type\":\"WebPage\",\"@id\":\"https:\/\/maryhillestate.com\/da\/book-bord\/\",\"url\":\"https:\/\/maryhillestate.com\/da\/book-bord\/\",\"name\":\"Book Bord | Maryhill Estate\u00ae\",\"isPartOf\":{\"@id\":\"https:\/\/maryhillestate.com\/da\/#website\"},\"datePublished\":\"2024-08-26T09:38:58+00:00\",\"dateModified\":\"2026-02-10T12:33:59+00:00\",\"breadcrumb\":{\"@id\":\"https:\/\/maryhillestate.com\/da\/book-bord\/#breadcrumb\"},\"inLanguage\":\"da-DK\",\"potentialAction\":[{\"@type\":\"ReadAction\",\"target\":[\"https:\/\/maryhillestate.com\/da\/book-bord\/\"]}]},{\"@type\":\"BreadcrumbList\",\"@id\":\"https:\/\/maryhillestate.com\/da\/book-bord\/#breadcrumb\",\"itemListElement\":[{\"@type\":\"ListItem\",\"position\":1,\"name\":\"Hem\",\"item\":\"https:\/\/maryhillestate.com\/da\/\"},{\"@type\":\"ListItem\",\"position\":2,\"name\":\"Book bord p\u00e5 Maryhill Estate\"}]},{\"@type\":\"WebSite\",\"@id\":\"https:\/\/maryhillestate.com\/da\/#website\",\"url\":\"https:\/\/maryhillestate.com\/da\/\",\"name\":\"Maryhill Estate\u00ae\",\"description\":\"\",\"publisher\":{\"@id\":\"https:\/\/maryhillestate.com\/da\/#organization\"},\"potentialAction\":[{\"@type\":\"SearchAction\",\"target\":{\"@type\":\"EntryPoint\",\"urlTemplate\":\"https:\/\/maryhillestate.com\/da\/?s={search_term_string}\"},\"query-input\":{\"@type\":\"PropertyValueSpecification\",\"valueRequired\":true,\"valueName\":\"search_term_string\"}}],\"inLanguage\":\"da-DK\"},{\"@type\":\"Organization\",\"@id\":\"https:\/\/maryhillestate.com\/da\/#organization\",\"name\":\"Maryhill Estate\u00ae\",\"url\":\"https:\/\/maryhillestate.com\/da\/\",\"logo\":{\"@type\":\"ImageObject\",\"inLanguage\":\"da-DK\",\"@id\":\"https:\/\/maryhillestate.com\/da\/#\/schema\/logo\/image\/\",\"url\":\"https:\/\/maryhillestate.com\/wp-content\/uploads\/2023\/03\/Maryhill-Estate-Logo-blue.png\",\"contentUrl\":\"https:\/\/maryhillestate.com\/wp-content\/uploads\/2023\/03\/Maryhill-Estate-Logo-blue.png\",\"width\":1500,\"height\":1053,\"caption\":\"Maryhill Estate\u00ae\"},\"image\":{\"@id\":\"https:\/\/maryhillestate.com\/da\/#\/schema\/logo\/image\/\"}}]}<\/script>\n<!-- \/ Yoast SEO plugin. -->","yoast_head_json":{"title":"Book Bord | Maryhill Estate\u00ae","robots":{"index":"index","follow":"follow","max-snippet":"max-snippet:-1","max-image-preview":"max-image-preview:large","max-video-preview":"max-video-preview:-1"},"canonical":"https:\/\/maryhillestate.com\/da\/book-bord\/","og_locale":"da_DK","og_type":"article","og_title":"Book Bord | Maryhill Estate\u00ae","og_url":"https:\/\/maryhillestate.com\/da\/book-bord\/","og_site_name":"Maryhill Estate\u00ae","article_modified_time":"2026-02-10T12:33:59+00:00","og_image":[{"width":1200,"height":630,"url":"https:\/\/maryhillestate.com\/wp-content\/uploads\/2024\/09\/maryhill-og.jpg","type":"image\/jpeg"}],"twitter_card":"summary_large_image","twitter_misc":{"Estimeret l\u00e6setid":"2 minutter"},"schema":{"@context":"https:\/\/schema.org","@graph":[{"@type":"WebPage","@id":"https:\/\/maryhillestate.com\/da\/book-bord\/","url":"https:\/\/maryhillestate.com\/da\/book-bord\/","name":"Book Bord | Maryhill Estate\u00ae","isPartOf":{"@id":"https:\/\/maryhillestate.com\/da\/#website"},"datePublished":"2024-08-26T09:38:58+00:00","dateModified":"2026-02-10T12:33:59+00:00","breadcrumb":{"@id":"https:\/\/maryhillestate.com\/da\/book-bord\/#breadcrumb"},"inLanguage":"da-DK","potentialAction":[{"@type":"ReadAction","target":["https:\/\/maryhillestate.com\/da\/book-bord\/"]}]},{"@type":"BreadcrumbList","@id":"https:\/\/maryhillestate.com\/da\/book-bord\/#breadcrumb","itemListElement":[{"@type":"ListItem","position":1,"name":"Hem","item":"https:\/\/maryhillestate.com\/da\/"},{"@type":"ListItem","position":2,"name":"Book bord p\u00e5 Maryhill Estate"}]},{"@type":"WebSite","@id":"https:\/\/maryhillestate.com\/da\/#website","url":"https:\/\/maryhillestate.com\/da\/","name":"Maryhill Estate\u00ae","description":"","publisher":{"@id":"https:\/\/maryhillestate.com\/da\/#organization"},"potentialAction":[{"@type":"SearchAction","target":{"@type":"EntryPoint","urlTemplate":"https:\/\/maryhillestate.com\/da\/?s={search_term_string}"},"query-input":{"@type":"PropertyValueSpecification","valueRequired":true,"valueName":"search_term_string"}}],"inLanguage":"da-DK"},{"@type":"Organization","@id":"https:\/\/maryhillestate.com\/da\/#organization","name":"Maryhill Estate\u00ae","url":"https:\/\/maryhillestate.com\/da\/","logo":{"@type":"ImageObject","inLanguage":"da-DK","@id":"https:\/\/maryhillestate.com\/da\/#\/schema\/logo\/image\/","url":"https:\/\/maryhillestate.com\/wp-content\/uploads\/2023\/03\/Maryhill-Estate-Logo-blue.png","contentUrl":"https:\/\/maryhillestate.com\/wp-content\/uploads\/2023\/03\/Maryhill-Estate-Logo-blue.png","width":1500,"height":1053,"caption":"Maryhill Estate\u00ae"},"image":{"@id":"https:\/\/maryhillestate.com\/da\/#\/schema\/logo\/image\/"}}]}},"_links":{"self":[{"href":"https:\/\/maryhillestate.com\/da\/wp-json\/wp\/v2\/pages\/17695","targetHints":{"allow":["GET"]}}],"collection":[{"href":"https:\/\/maryhillestate.com\/da\/wp-json\/wp\/v2\/pages"}],"about":[{"href":"https:\/\/maryhillestate.com\/da\/wp-json\/wp\/v2\/types\/page"}],"author":[{"embeddable":true,"href":"https:\/\/maryhillestate.com\/da\/wp-json\/wp\/v2\/users\/1"}],"replies":[{"embeddable":true,"href":"https:\/\/maryhillestate.com\/da\/wp-json\/wp\/v2\/comments?post=17695"}],"version-history":[{"count":8,"href":"https:\/\/maryhillestate.com\/da\/wp-json\/wp\/v2\/pages\/17695\/revisions"}],"predecessor-version":[{"id":18821,"href":"https:\/\/maryhillestate.com\/da\/wp-json\/wp\/v2\/pages\/17695\/revisions\/18821"}],"wp:attachment":[{"href":"https:\/\/maryhillestate.com\/da\/wp-json\/wp\/v2\/media?parent=17695"}],"curies":[{"name":"wp","href":"https:\/\/api.w.org\/{rel}","templated":true}]}}