{"id":17702,"date":"2025-01-09T12:31:06","date_gmt":"2025-01-09T12:31:06","guid":{"rendered":"https:\/\/maryhillestate.com\/restaurang\/helglunch\/"},"modified":"2026-02-10T11:21:16","modified_gmt":"2026-02-10T11:21:16","slug":"weekendfrokost","status":"publish","type":"page","link":"https:\/\/maryhillestate.com\/da\/restaurant\/weekendfrokost\/","title":{"rendered":"Weekendfrokost | Maryhill Estate"},"content":{"rendered":"<p><div class=\"fusion-fullwidth fullwidth-box fusion-builder-row-1 fusion-flex-container has-pattern-background has-mask-background fusion-parallax-none nonhundred-percent-fullwidth non-hundred-percent-height-scrolling\" style=\"--awb-border-radius-top-left:0px;--awb-border-radius-top-right:0px;--awb-border-radius-bottom-right:0px;--awb-border-radius-bottom-left:0px;--awb-padding-top:40px;--awb-padding-bottom:40px;--awb-min-height:65vh;--awb-background-image:url(&quot;https:\/\/maryhillestate.com\/wp-content\/uploads\/2024\/10\/maryhost-1.jpg&quot;);--awb-background-size:cover;--awb-flex-wrap:wrap;\" ><div class=\"fusion-builder-row fusion-row fusion-flex-align-items-center fusion-flex-justify-content-center fusion-flex-content-wrap\" style=\"max-width:1456px;margin-left: calc(-4% \/ 2 );margin-right: calc(-4% \/ 2 );\"><div class=\"fusion-layout-column fusion_builder_column fusion-builder-column-0 fusion_builder_column_1_2 1_2 fusion-flex-column fusion-flex-align-self-center\" style=\"--awb-padding-right-small:20px;--awb-padding-left-small:20px;--awb-bg-size:cover;--awb-width-large:50%;--awb-margin-top-large:0px;--awb-spacing-right-large:3.84%;--awb-margin-bottom-large:70px;--awb-spacing-left-large:3.84%;--awb-width-medium:100%;--awb-order-medium:0;--awb-spacing-right-medium:1.92%;--awb-spacing-left-medium:1.92%;--awb-width-small:100%;--awb-order-small:0;--awb-spacing-right-small:1.92%;--awb-spacing-left-small:1.92%;\"><div class=\"fusion-column-wrapper fusion-column-has-shadow fusion-flex-justify-content-center fusion-content-layout-column\"><div class=\"fusion-title title fusion-title-1 fusion-sep-none fusion-title-center fusion-title-text fusion-title-size-one\" style=\"--awb-text-color:#ffffff;--awb-margin-bottom:5px;--awb-margin-top-small:10px;--awb-margin-right-small:0px;--awb-margin-bottom-small:10px;--awb-margin-left-small:0px;\"><h1 class=\"fusion-title-heading title-heading-center\" style=\"margin:0;\">Helglunch p\u00e5 Maryhill<\/h1><\/div><div class=\"fusion-title title fusion-title-2 fusion-sep-none fusion-title-center fusion-title-text fusion-title-size-paragraph\" style=\"--awb-text-color:#ffffff;--awb-margin-top:0px;--awb-margin-bottom:30px;--awb-margin-top-small:10px;--awb-margin-right-small:0px;--awb-margin-bottom-small:10px;--awb-margin-left-small:0px;\"><p class=\"fusion-title-heading title-heading-center title-heading-tag\" style=\"font-family:&quot;franklin-gothic-compressed&quot;;font-style:normal;font-weight:400;margin:0;\">Serveres i Hill House l\u00f8rdage og s\u00f8ndage<\/p><\/div><div class=\"fusion-builder-row fusion-builder-row-inner fusion-row fusion-flex-align-items-center fusion-flex-justify-content-center fusion-flex-content-wrap\" style=\"--awb-flex-grow:0;--awb-flex-grow-medium:0;--awb-flex-grow-small:0;--awb-flex-shrink:0;--awb-flex-shrink-medium:0;--awb-flex-shrink-small:0;width:104% !important;max-width:104% !important;margin-left: calc(-4% \/ 2 );margin-right: calc(-4% \/ 2 );\"><div class=\"fusion-layout-column fusion_builder_column_inner fusion-builder-nested-column-0 fusion_builder_column_inner_1_1 1_1 fusion-flex-column\" style=\"--awb-bg-size:cover;--awb-width-large:100%;--awb-margin-top-large:0px;--awb-spacing-right-large:1.92%;--awb-margin-bottom-large:10px;--awb-spacing-left-large:1.92%;--awb-width-medium:100%;--awb-order-medium:0;--awb-spacing-right-medium:1.92%;--awb-spacing-left-medium:1.92%;--awb-width-small:100%;--awb-order-small:0;--awb-spacing-right-small:1.92%;--awb-spacing-left-small:1.92%;\"><div class=\"fusion-column-wrapper fusion-column-has-shadow fusion-flex-justify-content-center fusion-content-layout-row\"><div ><a class=\"fusion-button button-flat fusion-button-default-size button-custom fusion-button-default button-1 fusion-button-default-span fusion-button-default-type\" style=\"--button_accent_color:#333333;--button_border_color:#ffffff;--button_accent_hover_color:var(--awb-color1);--button_border_hover_color:var(--awb-color1);--button_gradient_top_color:#ffffff;--button_gradient_bottom_color:#ffffff;--button_gradient_top_color_hover:#000000;--button_gradient_bottom_color_hover:#000000;--button_padding-top:10px;--button_margin-right:10px;--button_margin-bottom:10px;--button_margin-left:10px;\" target=\"_self\" href=\"#meny\"><span class=\"fusion-button-text awb-button__text awb-button__text--default\">Frokostmenu<\/span><\/a><\/div><div ><a class=\"fusion-button button-flat fusion-button-default-size button-custom fusion-button-default button-2 fusion-button-default-span fusion-button-default-type\" style=\"--button_accent_color:#ffffff;--button_border_color:#fff;--button_accent_hover_color:var(--awb-color1);--button_border_hover_color:var(--awb-color1);--button_gradient_top_color:rgba(36,62,89,0);--button_gradient_bottom_color:rgba(36,62,89,0);--button_gradient_top_color_hover:#000000;--button_gradient_bottom_color_hover:#000000;--button_padding-top:10px;--button_margin-right:10px;--button_margin-bottom:10px;--button_margin-left:10px;\" target=\"_self\" id=\"hh-table-reservation-1\"><span class=\"fusion-button-text awb-button__text awb-button__text--default\">Book bord<\/span><\/a><\/div><div id=\"widgetContainer\"><\/div>\n<script>\n   document\n       .getElementById(\"hh-table-reservation-1\")\n       .addEventListener(\"click\", () => {\n           const config = {};\n           config.widgetContainerId = \"widgetContainer\";\n           config.open = true;\n           config.channelId = \"9a6b6c3e-7164-494f-b6df-a5bb2ef3c82c\";\n           config.languageCulture = \"sv-SE\";\n           config.restaurantId = \"b2e2bbfc-8cb0-450b-bd68-bf17f8cc1b51\";\n           config.singleRestaurant = true;\n           table_reservation_widget.TableReservationWidget({ ...config });\n       });\n<\/script><\/div><\/div><\/div><\/div><\/div><\/div><\/div><div class=\"fusion-fullwidth fullwidth-box fusion-builder-row-2 fusion-flex-container has-pattern-background has-mask-background nonhundred-percent-fullwidth non-hundred-percent-height-scrolling\" style=\"--awb-background-repeat:repeat;--awb-border-radius-top-left:0px;--awb-border-radius-top-right:0px;--awb-border-radius-bottom-right:0px;--awb-border-radius-bottom-left:0px;--awb-padding-top:40px;--awb-padding-bottom:64px;--awb-background-size:900px;--awb-flex-wrap:wrap;\" ><div class=\"fusion-builder-row fusion-row fusion-flex-align-items-flex-start fusion-flex-justify-content-center fusion-flex-content-wrap\" style=\"max-width:1456px;margin-left: calc(-4% \/ 2 );margin-right: calc(-4% \/ 2 );\"><div class=\"fusion-layout-column fusion_builder_column fusion-builder-column-1 fusion_builder_column_3_5 3_5 fusion-flex-column\" style=\"--awb-padding-top:64px;--awb-padding-right:64px;--awb-padding-bottom:64px;--awb-padding-left:64px;--awb-padding-right-small:20px;--awb-padding-left-small:20px;--awb-bg-color:var(--awb-color1);--awb-bg-color-hover:var(--awb-color1);--awb-bg-size:cover;--awb-width-large:60%;--awb-margin-top-large:-100px;--awb-spacing-right-large:3.2%;--awb-margin-bottom-large:10px;--awb-spacing-left-large:3.2%;--awb-width-medium:100%;--awb-order-medium:0;--awb-spacing-right-medium:1.92%;--awb-spacing-left-medium:1.92%;--awb-width-small:100%;--awb-order-small:0;--awb-spacing-right-small:1.92%;--awb-spacing-left-small:1.92%;\"><div class=\"fusion-column-wrapper fusion-column-has-shadow fusion-flex-justify-content-flex-start fusion-content-layout-column\"><div class=\"fusion-menu-anchor\" id=\"meny\"><\/div><div class=\"fusion-title title fusion-title-3 fusion-sep-none fusion-title-center fusion-title-text fusion-title-size-two\" style=\"--awb-text-color:#a3ab93;--awb-margin-top-small:10px;--awb-margin-right-small:0px;--awb-margin-bottom-small:10px;--awb-margin-left-small:0px;--awb-font-size:4rem;\"><h2 class=\"fusion-title-heading title-heading-center\" style=\"font-family:&quot;HighSpirited&quot;;font-style:normal;font-weight:400;margin:0;font-size:1em;\">Veckans r\u00e4tter<\/h2><\/div><div class=\"fusion-separator\" style=\"align-self: center;margin-left: auto;margin-right: auto;margin-top:20px;margin-bottom:20px;width:100%;max-width:50%;\"><div class=\"fusion-separator-border sep-double sep-solid\" style=\"--awb-height:20px;--awb-amount:20px;--awb-sep-color:#a3ab93;border-color:#a3ab93;border-top-width:1px;border-bottom-width:1px;\"><\/div><\/div><div class=\"fusion-title title fusion-title-4 fusion-sep-none fusion-title-center fusion-title-text fusion-title-size-paragraph\" style=\"--awb-margin-bottom:-8px;--awb-margin-top-small:10px;--awb-margin-right-small:0px;--awb-margin-bottom-small:0px;--awb-margin-left-small:0px;\"><p class=\"fusion-title-heading title-heading-center title-heading-tag\" style=\"font-family:&quot;franklin-gothic-compressed&quot;;font-style:normal;font-weight:400;margin:0;\">Inkluderer nybagt br\u00f8d og saltet sm\u00f8r<\/p><\/div><div class=\"fusion-title title fusion-title-5 fusion-sep-none fusion-title-center fusion-title-text fusion-title-size-paragraph\" style=\"--awb-margin-top-small:10px;--awb-margin-right-small:0px;--awb-margin-bottom-small:10px;--awb-margin-left-small:0px;\"><p class=\"fusion-title-heading title-heading-center title-heading-tag\" style=\"font-family:&quot;franklin-gothic-compressed&quot;;font-style:normal;font-weight:600;margin:0;text-transform:uppercase;\">195 sek<\/p><\/div><div class=\"fusion-title title fusion-title-6 fusion-sep-none fusion-title-center fusion-title-text fusion-title-size-two\" style=\"--awb-text-color:#a3ab93;--awb-margin-bottom:-7px;--awb-margin-top-small:10px;--awb-margin-right-small:0px;--awb-margin-bottom-small:0px;--awb-margin-left-small:0px;--awb-font-size:2.9rem;\"><h2 class=\"fusion-title-heading title-heading-center\" style=\"font-family:&quot;HighSpirited&quot;;font-style:normal;font-weight:400;margin:0;font-size:1em;\">Plate du Jour<\/h2><\/div><div class=\"fusion-title title fusion-title-7 fusion-sep-none fusion-title-center fusion-title-text fusion-title-size-paragraph\" style=\"--awb-margin-bottom:0px;--awb-margin-top-small:10px;--awb-margin-right-small:0px;--awb-margin-bottom-small:0px;--awb-margin-left-small:0px;--awb-font-size:15px;\"><p class=\"fusion-title-heading title-heading-center title-heading-tag\" style=\"font-family:&quot;franklin-gothic-compressed&quot;;font-style:normal;font-weight:400;margin:0;text-transform:uppercase;font-size:1em;\">(K\u00f6tt)<\/p><\/div><div class=\"fusion-title title fusion-title-8 fusion-sep-none fusion-title-center fusion-title-text fusion-title-size-paragraph\" style=\"--awb-margin-top-small:10px;--awb-margin-right-small:0px;--awb-margin-bottom-small:10px;--awb-margin-left-small:0px;\"><p class=\"fusion-title-heading title-heading-center title-heading-tag\" style=\"font-family:&quot;franklin-gothic-compressed&quot;;font-style:normal;font-weight:600;margin:0;\"><p data-start=\"158\" data-end=\"241\">Flanksteak med estragon- og vinaigretteemulsion, fritteret knoldselleri og kalvesky<\/p><\/p><\/div><div class=\"fusion-separator fusion-full-width-sep\" style=\"align-self: center;margin-left: auto;margin-right: auto;margin-top:20px;width:100%;\"><\/div><div class=\"fusion-title title fusion-title-9 fusion-sep-none fusion-title-center fusion-title-text fusion-title-size-two\" style=\"--awb-text-color:#a3ab93;--awb-margin-bottom:-7px;--awb-margin-top-small:10px;--awb-margin-right-small:0px;--awb-margin-bottom-small:0px;--awb-margin-left-small:0px;--awb-font-size:2.9rem;\"><h2 class=\"fusion-title-heading title-heading-center\" style=\"font-family:&quot;HighSpirited&quot;;font-style:normal;font-weight:400;margin:0;font-size:1em;\">Dagens f\u00e5ngst<\/h2><\/div><div class=\"fusion-title title fusion-title-10 fusion-sep-none fusion-title-center fusion-title-text fusion-title-size-paragraph\" style=\"--awb-margin-bottom:0px;--awb-margin-top-small:10px;--awb-margin-right-small:0px;--awb-margin-bottom-small:0px;--awb-margin-left-small:0px;--awb-font-size:15px;\"><p class=\"fusion-title-heading title-heading-center title-heading-tag\" style=\"font-family:&quot;franklin-gothic-compressed&quot;;font-style:normal;font-weight:400;margin:0;text-transform:uppercase;font-size:1em;\">(Fisk)<\/p><\/div><div class=\"fusion-title title fusion-title-11 fusion-sep-none fusion-title-center fusion-title-text fusion-title-size-paragraph\" style=\"--awb-margin-top-small:10px;--awb-margin-right-small:0px;--awb-margin-bottom-small:10px;--awb-margin-left-small:0px;\"><p class=\"fusion-title-heading title-heading-center title-heading-tag\" style=\"font-family:&quot;franklin-gothic-compressed&quot;;font-style:normal;font-weight:600;margin:0;\"><p data-start=\"280\" data-end=\"352\">Dagens fangst med pebersauce, r\u00f8get syltet gulerod og ristet surdejsbr\u00f8d<\/p><\/p><\/div><div class=\"fusion-separator fusion-full-width-sep\" style=\"align-self: center;margin-left: auto;margin-right: auto;margin-top:20px;width:100%;\"><\/div><div class=\"fusion-title title fusion-title-12 fusion-sep-none fusion-title-center fusion-title-text fusion-title-size-two\" style=\"--awb-text-color:#a3ab93;--awb-margin-bottom:-7px;--awb-margin-top-small:10px;--awb-margin-right-small:0px;--awb-margin-bottom-small:0px;--awb-margin-left-small:0px;--awb-font-size:2.9rem;\"><h2 class=\"fusion-title-heading title-heading-center\" style=\"font-family:&quot;HighSpirited&quot;;font-style:normal;font-weight:400;margin:0;font-size:1em;\">Dagens v\u00e4xtbaserade<\/h2><\/div><div class=\"fusion-title title fusion-title-13 fusion-sep-none fusion-title-center fusion-title-text fusion-title-size-paragraph\" style=\"--awb-margin-bottom:0px;--awb-margin-top-small:10px;--awb-margin-right-small:0px;--awb-margin-bottom-small:0px;--awb-margin-left-small:0px;--awb-font-size:15px;\"><p class=\"fusion-title-heading title-heading-center title-heading-tag\" style=\"font-family:&quot;franklin-gothic-compressed&quot;;font-style:normal;font-weight:400;margin:0;text-transform:uppercase;font-size:1em;\">(Vegetariskt)<\/p><\/div><div class=\"fusion-title title fusion-title-14 fusion-sep-none fusion-title-center fusion-title-text fusion-title-size-paragraph\" style=\"--awb-margin-top-small:10px;--awb-margin-right-small:0px;--awb-margin-bottom-small:10px;--awb-margin-left-small:0px;\"><p class=\"fusion-title-heading title-heading-center title-heading-tag\" style=\"font-family:&quot;franklin-gothic-compressed&quot;;font-style:normal;font-weight:600;margin:0;\"><p data-start=\"405\" data-end=\"481\">Gruy\u00e8re-kroket med valn\u00f8ddecreme, timianhonning, bagt p\u00e6re og syltet endivie<\/p><\/p><\/div><div class=\"fusion-separator\" style=\"align-self: center;margin-left: auto;margin-right: auto;margin-top:20px;margin-bottom:20px;width:100%;max-width:50%;\"><div class=\"fusion-separator-border sep-double sep-solid\" style=\"--awb-height:20px;--awb-amount:20px;--awb-sep-color:#a3ab93;border-color:#a3ab93;border-top-width:1px;border-bottom-width:1px;\"><\/div><\/div><div class=\"fusion-title title fusion-title-15 fusion-sep-none fusion-title-center fusion-title-text fusion-title-size-paragraph\" style=\"--awb-margin-bottom:-8px;--awb-margin-top-small:10px;--awb-margin-right-small:0px;--awb-margin-bottom-small:0px;--awb-margin-left-small:0px;\"><p class=\"fusion-title-heading title-heading-center title-heading-tag\" style=\"font-family:&quot;franklin-gothic-compressed&quot;;font-style:normal;font-weight:400;margin:0;\"><p data-start=\"488\" data-end=\"528\">Book bord til<strong data-start=\"488\" data-end=\"526\"> frokost i Hill House<\/strong><\/p>\n<p data-start=\"530\" data-end=\"549\">&nbsp;<\/p><\/p><\/div><div class=\"fusion-separator fusion-full-width-sep\" style=\"align-self: center;margin-left: auto;margin-right: auto;margin-top:20px;width:100%;\"><\/div><div style=\"text-align:center;\"><a class=\"fusion-button button-flat fusion-button-default-size button-custom fusion-button-default button-3 fusion-button-default-span fusion-button-default-type\" style=\"--button_accent_color:#002f2e;--button_border_color:#a3ab93;--button_accent_hover_color:var(--awb-color1);--button_border_hover_color:var(--awb-color1);--button_gradient_top_color:#a3ab93;--button_gradient_bottom_color:#a3ab93;--button_gradient_top_color_hover:#000000;--button_gradient_bottom_color_hover:#000000;\" target=\"_self\" id=\"hh-table-reservation\"><span class=\"fusion-button-text awb-button__text awb-button__text--default\">Table Reservation<\/span><\/a><\/div><div id=\"widgetContainer\"><\/div>\n<script>\n   document\n       .getElementById(\"hh-table-reservation\")\n       .addEventListener(\"click\", () => {\n           const config = {};\n           config.widgetContainerId = \"widgetContainer\";\n           config.open = true;\n           config.channelId = \"9a6b6c3e-7164-494f-b6df-a5bb2ef3c82c\";\n           config.languageCulture = \"sv-SE\";\n           config.restaurantId = \"b2e2bbfc-8cb0-450b-bd68-bf17f8cc1b51\";\n           config.singleRestaurant = true;\n           table_reservation_widget.TableReservationWidget({ ...config });\n       });\n<\/script><\/div><\/div><\/div><\/div><\/p>\n","protected":false},"excerpt":{"rendered":"","protected":false},"author":1,"featured_media":0,"parent":17701,"menu_order":0,"comment_status":"closed","ping_status":"closed","template":"100-width.php","meta":{"inline_featured_image":false,"_themeisle_gutenberg_block_has_review":false,"footnotes":""},"class_list":["post-17702","page","type-page","status-publish","hentry"],"yoast_head":"<!-- This site is optimized with the Yoast SEO plugin v27.1.1 - https:\/\/yoast.com\/product\/yoast-seo-wordpress\/ -->\n<title>Weekendfrokost | Maryhill Estate | Maryhill Estate\u00ae<\/title>\n<meta name=\"robots\" content=\"index, follow, max-snippet:-1, max-image-preview:large, max-video-preview:-1\" \/>\n<link rel=\"canonical\" href=\"https:\/\/maryhillestate.com\/da\/restaurant\/weekendfrokost\/\" \/>\n<meta property=\"og:locale\" content=\"da_DK\" \/>\n<meta property=\"og:type\" content=\"article\" \/>\n<meta property=\"og:title\" content=\"Weekendfrokost | Maryhill Estate | Maryhill Estate\u00ae\" \/>\n<meta property=\"og:url\" content=\"https:\/\/maryhillestate.com\/da\/restaurant\/weekendfrokost\/\" \/>\n<meta property=\"og:site_name\" content=\"Maryhill Estate\u00ae\" \/>\n<meta property=\"article:modified_time\" content=\"2026-02-10T11:21:16+00:00\" \/>\n<meta property=\"og:image\" content=\"https:\/\/maryhillestate.com\/wp-content\/uploads\/2024\/09\/maryhill-og.jpg\" \/>\n\t<meta property=\"og:image:width\" content=\"1200\" \/>\n\t<meta property=\"og:image:height\" content=\"630\" \/>\n\t<meta property=\"og:image:type\" content=\"image\/jpeg\" \/>\n<meta name=\"twitter:card\" content=\"summary_large_image\" \/>\n<meta name=\"twitter:label1\" content=\"Estimeret l\u00e6setid\" \/>\n\t<meta name=\"twitter:data1\" content=\"1 minut\" \/>\n<script type=\"application\/ld+json\" class=\"yoast-schema-graph\">{\"@context\":\"https:\/\/schema.org\",\"@graph\":[{\"@type\":\"WebPage\",\"@id\":\"https:\/\/maryhillestate.com\/da\/restaurant\/weekendfrokost\/\",\"url\":\"https:\/\/maryhillestate.com\/da\/restaurant\/weekendfrokost\/\",\"name\":\"Weekendfrokost | Maryhill Estate | Maryhill Estate\u00ae\",\"isPartOf\":{\"@id\":\"https:\/\/maryhillestate.com\/da\/#website\"},\"datePublished\":\"2025-01-09T12:31:06+00:00\",\"dateModified\":\"2026-02-10T11:21:16+00:00\",\"breadcrumb\":{\"@id\":\"https:\/\/maryhillestate.com\/da\/restaurant\/weekendfrokost\/#breadcrumb\"},\"inLanguage\":\"da-DK\",\"potentialAction\":[{\"@type\":\"ReadAction\",\"target\":[\"https:\/\/maryhillestate.com\/da\/restaurant\/weekendfrokost\/\"]}]},{\"@type\":\"BreadcrumbList\",\"@id\":\"https:\/\/maryhillestate.com\/da\/restaurant\/weekendfrokost\/#breadcrumb\",\"itemListElement\":[{\"@type\":\"ListItem\",\"position\":1,\"name\":\"Hem\",\"item\":\"https:\/\/maryhillestate.com\/da\/\"},{\"@type\":\"ListItem\",\"position\":2,\"name\":\"Spisning &#038; Drinks p\u00e5 Maryhill Estate\",\"item\":\"https:\/\/maryhillestate.com\/da\/restaurant\/\"},{\"@type\":\"ListItem\",\"position\":3,\"name\":\"Weekendfrokost | Maryhill Estate\"}]},{\"@type\":\"WebSite\",\"@id\":\"https:\/\/maryhillestate.com\/da\/#website\",\"url\":\"https:\/\/maryhillestate.com\/da\/\",\"name\":\"Maryhill Estate\u00ae\",\"description\":\"\",\"publisher\":{\"@id\":\"https:\/\/maryhillestate.com\/da\/#organization\"},\"potentialAction\":[{\"@type\":\"SearchAction\",\"target\":{\"@type\":\"EntryPoint\",\"urlTemplate\":\"https:\/\/maryhillestate.com\/da\/?s={search_term_string}\"},\"query-input\":{\"@type\":\"PropertyValueSpecification\",\"valueRequired\":true,\"valueName\":\"search_term_string\"}}],\"inLanguage\":\"da-DK\"},{\"@type\":\"Organization\",\"@id\":\"https:\/\/maryhillestate.com\/da\/#organization\",\"name\":\"Maryhill Estate\u00ae\",\"url\":\"https:\/\/maryhillestate.com\/da\/\",\"logo\":{\"@type\":\"ImageObject\",\"inLanguage\":\"da-DK\",\"@id\":\"https:\/\/maryhillestate.com\/da\/#\/schema\/logo\/image\/\",\"url\":\"https:\/\/maryhillestate.com\/wp-content\/uploads\/2023\/03\/Maryhill-Estate-Logo-blue.png\",\"contentUrl\":\"https:\/\/maryhillestate.com\/wp-content\/uploads\/2023\/03\/Maryhill-Estate-Logo-blue.png\",\"width\":1500,\"height\":1053,\"caption\":\"Maryhill Estate\u00ae\"},\"image\":{\"@id\":\"https:\/\/maryhillestate.com\/da\/#\/schema\/logo\/image\/\"}}]}<\/script>\n<!-- \/ Yoast SEO plugin. -->","yoast_head_json":{"title":"Weekendfrokost | Maryhill Estate | Maryhill Estate\u00ae","robots":{"index":"index","follow":"follow","max-snippet":"max-snippet:-1","max-image-preview":"max-image-preview:large","max-video-preview":"max-video-preview:-1"},"canonical":"https:\/\/maryhillestate.com\/da\/restaurant\/weekendfrokost\/","og_locale":"da_DK","og_type":"article","og_title":"Weekendfrokost | Maryhill Estate | Maryhill Estate\u00ae","og_url":"https:\/\/maryhillestate.com\/da\/restaurant\/weekendfrokost\/","og_site_name":"Maryhill Estate\u00ae","article_modified_time":"2026-02-10T11:21:16+00:00","og_image":[{"width":1200,"height":630,"url":"https:\/\/maryhillestate.com\/wp-content\/uploads\/2024\/09\/maryhill-og.jpg","type":"image\/jpeg"}],"twitter_card":"summary_large_image","twitter_misc":{"Estimeret l\u00e6setid":"1 minut"},"schema":{"@context":"https:\/\/schema.org","@graph":[{"@type":"WebPage","@id":"https:\/\/maryhillestate.com\/da\/restaurant\/weekendfrokost\/","url":"https:\/\/maryhillestate.com\/da\/restaurant\/weekendfrokost\/","name":"Weekendfrokost | Maryhill Estate | Maryhill Estate\u00ae","isPartOf":{"@id":"https:\/\/maryhillestate.com\/da\/#website"},"datePublished":"2025-01-09T12:31:06+00:00","dateModified":"2026-02-10T11:21:16+00:00","breadcrumb":{"@id":"https:\/\/maryhillestate.com\/da\/restaurant\/weekendfrokost\/#breadcrumb"},"inLanguage":"da-DK","potentialAction":[{"@type":"ReadAction","target":["https:\/\/maryhillestate.com\/da\/restaurant\/weekendfrokost\/"]}]},{"@type":"BreadcrumbList","@id":"https:\/\/maryhillestate.com\/da\/restaurant\/weekendfrokost\/#breadcrumb","itemListElement":[{"@type":"ListItem","position":1,"name":"Hem","item":"https:\/\/maryhillestate.com\/da\/"},{"@type":"ListItem","position":2,"name":"Spisning &#038; Drinks p\u00e5 Maryhill Estate","item":"https:\/\/maryhillestate.com\/da\/restaurant\/"},{"@type":"ListItem","position":3,"name":"Weekendfrokost | Maryhill Estate"}]},{"@type":"WebSite","@id":"https:\/\/maryhillestate.com\/da\/#website","url":"https:\/\/maryhillestate.com\/da\/","name":"Maryhill Estate\u00ae","description":"","publisher":{"@id":"https:\/\/maryhillestate.com\/da\/#organization"},"potentialAction":[{"@type":"SearchAction","target":{"@type":"EntryPoint","urlTemplate":"https:\/\/maryhillestate.com\/da\/?s={search_term_string}"},"query-input":{"@type":"PropertyValueSpecification","valueRequired":true,"valueName":"search_term_string"}}],"inLanguage":"da-DK"},{"@type":"Organization","@id":"https:\/\/maryhillestate.com\/da\/#organization","name":"Maryhill Estate\u00ae","url":"https:\/\/maryhillestate.com\/da\/","logo":{"@type":"ImageObject","inLanguage":"da-DK","@id":"https:\/\/maryhillestate.com\/da\/#\/schema\/logo\/image\/","url":"https:\/\/maryhillestate.com\/wp-content\/uploads\/2023\/03\/Maryhill-Estate-Logo-blue.png","contentUrl":"https:\/\/maryhillestate.com\/wp-content\/uploads\/2023\/03\/Maryhill-Estate-Logo-blue.png","width":1500,"height":1053,"caption":"Maryhill Estate\u00ae"},"image":{"@id":"https:\/\/maryhillestate.com\/da\/#\/schema\/logo\/image\/"}}]}},"_links":{"self":[{"href":"https:\/\/maryhillestate.com\/da\/wp-json\/wp\/v2\/pages\/17702","targetHints":{"allow":["GET"]}}],"collection":[{"href":"https:\/\/maryhillestate.com\/da\/wp-json\/wp\/v2\/pages"}],"about":[{"href":"https:\/\/maryhillestate.com\/da\/wp-json\/wp\/v2\/types\/page"}],"author":[{"embeddable":true,"href":"https:\/\/maryhillestate.com\/da\/wp-json\/wp\/v2\/users\/1"}],"replies":[{"embeddable":true,"href":"https:\/\/maryhillestate.com\/da\/wp-json\/wp\/v2\/comments?post=17702"}],"version-history":[{"count":4,"href":"https:\/\/maryhillestate.com\/da\/wp-json\/wp\/v2\/pages\/17702\/revisions"}],"predecessor-version":[{"id":18807,"href":"https:\/\/maryhillestate.com\/da\/wp-json\/wp\/v2\/pages\/17702\/revisions\/18807"}],"up":[{"embeddable":true,"href":"https:\/\/maryhillestate.com\/da\/wp-json\/wp\/v2\/pages\/17701"}],"wp:attachment":[{"href":"https:\/\/maryhillestate.com\/da\/wp-json\/wp\/v2\/media?parent=17702"}],"curies":[{"name":"wp","href":"https:\/\/api.w.org\/{rel}","templated":true}]}}