{"id":17710,"date":"2024-02-26T11:55:58","date_gmt":"2024-02-26T11:55:58","guid":{"rendered":"https:\/\/maryhillestate.com\/kontakt\/"},"modified":"2026-02-10T11:25:48","modified_gmt":"2026-02-10T11:25:48","slug":"kontakt","status":"publish","type":"page","link":"https:\/\/maryhillestate.com\/da\/kontakt\/","title":{"rendered":"Kontakt"},"content":{"rendered":"<p><div class=\"fusion-fullwidth fullwidth-box fusion-builder-row-1 fusion-flex-container has-pattern-background has-mask-background fusion-parallax-none hundred-percent-fullwidth non-hundred-percent-height-scrolling\" style=\"--awb-border-radius-top-left:0px;--awb-border-radius-top-right:0px;--awb-border-radius-bottom-right:0px;--awb-border-radius-bottom-left:0px;--awb-padding-top-medium:160px;--awb-padding-bottom-medium:160px;--awb-padding-top-small:160px;--awb-padding-bottom-small:160px;--awb-min-height:50vh;--awb-background-image:linear-gradient(180deg, rgba(30,30,30,0.49) 0%,rgba(30,30,30,0.49) 100%),url(https:\/\/maryhillestate.com\/wp-content\/uploads\/2025\/01\/Hill-House-exterior.jpg);;--awb-background-image-medium:linear-gradient(180deg, rgba(30,30,30,0.49) 0%,rgba(30,30,30,0.49) 100%),url(https:\/\/maryhillestate.com\/wp-content\/uploads\/2024\/08\/mary-hillhouse-car.jpg);;--awb-background-image-small:linear-gradient(180deg, rgba(30,30,30,0.49) 0%,rgba(30,30,30,0.49) 100%),url(https:\/\/maryhillestate.com\/wp-content\/uploads\/2024\/08\/mary-hillhouse-car.jpg);;--awb-background-size:cover;--awb-flex-wrap:wrap;\" ><div class=\"fusion-builder-row fusion-row fusion-flex-align-items-center fusion-flex-justify-content-center fusion-flex-content-wrap\" style=\"width:104% !important;max-width:104% !important;margin-left: calc(-4% \/ 2 );margin-right: calc(-4% \/ 2 );\"><div class=\"fusion-layout-column fusion_builder_column fusion-builder-column-0 fusion_builder_column_1_1 1_1 fusion-flex-column fusion-flex-align-self-stretch\" style=\"--awb-padding-right-small:0px;--awb-bg-size:cover;--awb-width-large:100%;--awb-margin-top-large:128px;--awb-spacing-right-large:1.92%;--awb-margin-bottom-large:128px;--awb-spacing-left-large:1.92%;--awb-width-medium:100%;--awb-order-medium:0;--awb-margin-top-medium:0px;--awb-spacing-right-medium:1.92%;--awb-margin-bottom-medium:0px;--awb-spacing-left-medium:1.92%;--awb-width-small:100%;--awb-order-small:0;--awb-spacing-right-small:1.92%;--awb-spacing-left-small:1.92%;\" data-scroll-devices=\"small-visibility,medium-visibility,large-visibility\"><div class=\"fusion-column-wrapper fusion-column-has-shadow fusion-flex-justify-content-center fusion-content-layout-column\"><div class=\"fusion-text fusion-text-1 fusion-text-no-margin\" style=\"--awb-content-alignment:center;--awb-font-size:11px;--awb-line-height:22px;--awb-letter-spacing:6px;--awb-text-color:#ffffff;--awb-margin-bottom:-8px;--awb-text-font-family:&quot;franklin-gothic-compressed&quot;;--awb-text-font-style:normal;--awb-text-font-weight:400;\"><p style=\"font-family: 'Libre Franklin'; font-weight: 500;\" data-fusion-font=\"true\" data-fusion-google-font=\"Libre Franklin\" data-fusion-google-variant=\"500\">JOURNEYS AT THE ESTATE<\/p>\n<p data-fusion-font=\"true\" data-fusion-google-font=\"Libre Franklin\" data-fusion-google-variant=\"500\">\n<\/div><div class=\"fusion-title title fusion-title-1 fusion-sep-none fusion-title-center fusion-title-text fusion-title-size-one\" style=\"--awb-text-color:#ffffff;--awb-margin-top:0px;--awb-margin-top-small:10px;--awb-margin-right-small:0px;--awb-margin-bottom-small:10px;--awb-margin-left-small:0px;--awb-margin-top-medium:24px;--awb-margin-bottom-medium:-10px;\"><h1 class=\"fusion-title-heading title-heading-center\" style=\"font-family:&quot;meno-banner&quot;;font-style:normal;font-weight:400;margin:0;\">Find vej &amp; kontakt<\/h1><\/div><\/div><\/div><\/div><\/div><div class=\"fusion-fullwidth fullwidth-box fusion-builder-row-2 fusion-flex-container has-pattern-background has-mask-background nonhundred-percent-fullwidth non-hundred-percent-height-scrolling\" style=\"--awb-background-repeat:repeat;--awb-border-color:#ffffff;--awb-border-radius-top-left:0px;--awb-border-radius-top-right:0px;--awb-border-radius-bottom-right:0px;--awb-border-radius-bottom-left:0px;--awb-padding-top:60px;--awb-padding-bottom:40px;--awb-padding-top-small:40px;--awb-padding-right-small:20px;--awb-padding-bottom-small:10px;--awb-padding-left-small:20px;--awb-flex-wrap:wrap;\" id=\"contact\" ><div class=\"fusion-builder-row fusion-row fusion-flex-align-items-flex-start fusion-flex-justify-content-center fusion-flex-content-wrap\" style=\"max-width:1456px;margin-left: calc(-4% \/ 2 );margin-right: calc(-4% \/ 2 );\"><div class=\"fusion-layout-column fusion_builder_column fusion-builder-column-1 fusion_builder_column_1_2 1_2 fusion-flex-column fusion-flex-align-self-stretch\" style=\"--awb-bg-size:cover;--awb-width-large:50%;--awb-margin-top-large:0px;--awb-spacing-right-large:3.84%;--awb-margin-bottom-large:10px;--awb-spacing-left-large:3.84%;--awb-width-medium:50%;--awb-order-medium:0;--awb-spacing-right-medium:3.84%;--awb-spacing-left-medium:3.84%;--awb-width-small:100%;--awb-order-small:1;--awb-spacing-right-small:1.92%;--awb-margin-bottom-small:0px;--awb-spacing-left-small:1.92%;\" id=\"contact\"><div class=\"fusion-column-wrapper fusion-column-has-shadow fusion-flex-justify-content-center fusion-content-layout-column\"><div class=\"fusion-menu-anchor\" id=\"contact\"><\/div><div class=\"fusion-title title fusion-title-2 fusion-sep-none fusion-title-text fusion-title-size-three\" style=\"--awb-margin-top:0px;--awb-margin-top-small:10px;--awb-margin-right-small:0px;--awb-margin-bottom-small:20px;--awb-margin-left-small:0px;\"><h3 class=\"fusion-title-heading title-heading-left sm-text-align-center\" style=\"font-family:&quot;meno-banner&quot;;font-style:normal;font-weight:400;margin:0;\"><div class=\"page\" title=\"Page 1\">\n<div class=\"section\">\n<div class=\"layoutArea\">\n<div class=\"column\">Mary, who?<\/div>\n<\/div>\n<\/div>\n<\/div><\/h3><\/div><div class=\"fusion-text fusion-text-2 sm-text-align-center fusion-text-no-margin\" style=\"--awb-margin-bottom:20px;\"><p>Blot f\u00e5 meter fra hinanden finder du to destinationer, som tilsammen udg\u00f8r \u00e9t resort.<\/p>\n<p data-start=\"144\" data-end=\"409\">163 hotelv\u00e6relser, to restauranter, 11 barer og 13 m\u00f8delokaler \u2014 alle med tidl\u00f8s charme, beliggende i sk\u00f8nne Glumsl\u00f6v i Sk\u00e5ne, kun 40 minutter fra Malm\u00f6 og 1 time fra K\u00f8benhavn.<\/p>\n<p data-start=\"411\" data-end=\"606\">Har du sp\u00f8rgsm\u00e5l, overvejelser eller finder du ikke helt det, du leder efter?<br data-start=\"488\" data-end=\"491\">Udfyld vores kontaktformular nedenfor, s\u00e5 vender vi hurtigt tilbage \u2014 vi gl\u00e6der os til at hj\u00e6lpe dig p\u00e5 bedste vis.<\/p>\n<\/div><div id=\"imbox-form\">\n\n<script src=\"https:\/\/detached-form.imbox.io\/prod\/api\/loader.js\"><\/script>\n\n<script type=\"text\/javascript\">\nvar imbox_formId = \"6156\"; \/\/ add formId\nvar imbox_widgetId = \"1107\"; \/\/ add widgetId\n  function onImboxFormIframeAPIReady() {\n    var form = new Imbox.Form(\"imbox-form\", {\n      height: \"400\",\n      width: \"100%\",\n      formId: 6156,\n      widgetId: 1107,\n      dynamicHeight: false,\n      events: {\n        onSubmitChange: (event) => {\n          dataLayer.push({\n              'event': 'imbox_form_submission',\n              'imbox_formId': imbox_formId,\n              'imbox_widgetId': imbox_widgetId,\n              'data': event\n              })\n        },\n        onFetchingChange: (event) => {\n          console.log(event)\n        },\n        onError: (event) => {\n          console.log(event)\n        }\n      }\n    })\n  }\n\n  window.onload = onImboxFormIframeAPIReady\n<\/script>\n<\/div><\/div><\/div><div class=\"fusion-layout-column fusion_builder_column fusion-builder-column-2 fusion_builder_column_2_5 2_5 fusion-flex-column fusion-flex-align-self-stretch\" style=\"--awb-bg-size:cover;--awb-width-large:40%;--awb-margin-top-large:0px;--awb-spacing-right-large:4.8%;--awb-margin-bottom-large:10px;--awb-spacing-left-large:4.8%;--awb-width-medium:50%;--awb-order-medium:0;--awb-spacing-right-medium:3.84%;--awb-spacing-left-medium:3.84%;--awb-width-small:100%;--awb-order-small:1;--awb-spacing-right-small:1.92%;--awb-margin-bottom-small:0px;--awb-spacing-left-small:1.92%;\" id=\"contact\"><div class=\"fusion-column-wrapper fusion-column-has-shadow fusion-flex-justify-content-center fusion-content-layout-column\"><div class=\"fusion-builder-row fusion-builder-row-inner fusion-row fusion-flex-align-items-flex-start fusion-flex-justify-content-center fusion-flex-content-wrap\" style=\"--awb-flex-grow:0;--awb-flex-grow-medium:0;--awb-flex-grow-small:0;--awb-flex-shrink:0;--awb-flex-shrink-medium:0;--awb-flex-shrink-small:0;width:104% !important;max-width:104% !important;margin-left: calc(-4% \/ 2 );margin-right: calc(-4% \/ 2 );\"><div class=\"fusion-layout-column fusion_builder_column_inner fusion-builder-nested-column-0 fusion_builder_column_inner_1_1 1_1 fusion-flex-column\" style=\"--awb-padding-top:32px;--awb-padding-bottom:32px;--awb-bg-color:#ffffff;--awb-bg-color-hover:#ffffff;--awb-bg-size:cover;--awb-width-large:100%;--awb-margin-top-large:0px;--awb-spacing-right-large:1.92%;--awb-margin-bottom-large:30px;--awb-spacing-left-large:1.92%;--awb-width-medium:100%;--awb-order-medium:0;--awb-spacing-right-medium:1.92%;--awb-spacing-left-medium:1.92%;--awb-width-small:100%;--awb-order-small:0;--awb-spacing-right-small:1.92%;--awb-spacing-left-small:1.92%;\"><div class=\"fusion-column-wrapper fusion-column-has-shadow fusion-flex-justify-content-flex-start fusion-content-layout-column\"><i class=\"fb-icon-element-1 fb-icon-element fontawesome-icon fa-map-marker-alt fal circle-no\" style=\"--awb-iconcolor:var(--awb-custom_color_7);--awb-iconcolor-hover:var(--awb-custom_color_7);--awb-font-size:24px;--awb-margin-top:0;--awb-margin-right:0;--awb-margin-bottom:0;--awb-margin-left:0;--awb-align-self:center;\"><\/i><div class=\"fusion-title title fusion-title-3 fusion-sep-none fusion-title-center fusion-title-text fusion-title-size-four\" style=\"--awb-text-color:var(--awb-custom_color_7);--awb-margin-top:8px;--awb-margin-bottom:8px;--awb-margin-top-small:10px;--awb-margin-right-small:0px;--awb-margin-bottom-small:20px;--awb-margin-left-small:0px;\"><h4 class=\"fusion-title-heading title-heading-center\" style=\"margin:0;\"><h3 data-start=\"613\" data-end=\"624\">Find os<\/h3><\/h4><\/div><div class=\"fusion-title title fusion-title-4 fusion-sep-none fusion-title-center fusion-title-text fusion-title-size-paragraph\" style=\"--awb-margin-top-small:10px;--awb-margin-right-small:0px;--awb-margin-bottom-small:10px;--awb-margin-left-small:0px;\"><p class=\"fusion-title-heading title-heading-center title-heading-tag\" style=\"font-family:&quot;franklin-gothic-compressed&quot;;font-style:normal;font-weight:400;margin:0;\"><p>Maryhill Estate<br \/>\n\u00c5labodsv\u00e4gen 193<br \/>\n261 63 Glumsl\u00f6v<\/p><\/p><\/div><div class=\"fusion-separator fusion-has-icon\" style=\"align-self: center;margin-left: auto;margin-right: auto;margin-top:20px;width:100%;max-width:60%;\"><div class=\"fusion-separator-border sep-single sep-solid\" style=\"--awb-height:20px;--awb-amount:20px;--awb-sep-color:var(--awb-custom_color_7);border-color:var(--awb-custom_color_7);border-top-width:1px;\"><\/div><span class=\"icon-wrapper\" style=\"border-color:transparent;font-size:10px;width: 1.75em; height: 1.75em;border-width:1px;padding:1px;margin-top:-0.5px\"><i class=\"fa-certificate fal\" style=\"font-size: inherit;color:#fff;\" aria-hidden=\"true\"><\/i><\/span><div class=\"fusion-separator-border sep-single sep-solid\" style=\"--awb-height:20px;--awb-amount:20px;--awb-sep-color:var(--awb-custom_color_7);border-color:var(--awb-custom_color_7);border-top-width:1px;\"><\/div><\/div><\/div><\/div><\/div><div class=\"fusion-builder-row fusion-builder-row-inner fusion-row fusion-flex-align-items-flex-start fusion-flex-justify-content-center fusion-flex-content-wrap\" style=\"--awb-flex-grow:0;--awb-flex-grow-medium:0;--awb-flex-grow-small:0;--awb-flex-shrink:0;--awb-flex-shrink-medium:0;--awb-flex-shrink-small:0;width:104% !important;max-width:104% !important;margin-left: calc(-4% \/ 2 );margin-right: calc(-4% \/ 2 );\"><div class=\"fusion-layout-column fusion_builder_column_inner fusion-builder-nested-column-1 fusion_builder_column_inner_1_1 1_1 fusion-flex-column\" style=\"--awb-padding-top:32px;--awb-padding-bottom:32px;--awb-bg-color:#ffffff;--awb-bg-color-hover:#ffffff;--awb-bg-size:cover;--awb-width-large:100%;--awb-margin-top-large:0px;--awb-spacing-right-large:1.92%;--awb-margin-bottom-large:10px;--awb-spacing-left-large:1.92%;--awb-width-medium:100%;--awb-order-medium:0;--awb-spacing-right-medium:1.92%;--awb-spacing-left-medium:1.92%;--awb-width-small:100%;--awb-order-small:0;--awb-spacing-right-small:1.92%;--awb-spacing-left-small:1.92%;\"><div class=\"fusion-column-wrapper fusion-column-has-shadow fusion-flex-justify-content-flex-start fusion-content-layout-column\"><i class=\"fb-icon-element-2 fb-icon-element fontawesome-icon fa-envelope fal circle-no\" style=\"--awb-iconcolor:var(--awb-custom_color_7);--awb-iconcolor-hover:var(--awb-custom_color_7);--awb-font-size:24px;--awb-margin-top:0;--awb-margin-right:0;--awb-margin-bottom:0;--awb-margin-left:0;--awb-align-self:center;\"><\/i><div class=\"fusion-title title fusion-title-5 fusion-sep-none fusion-title-center fusion-title-text fusion-title-size-four\" style=\"--awb-text-color:var(--awb-custom_color_7);--awb-margin-top:8px;--awb-margin-bottom:8px;--awb-margin-top-small:10px;--awb-margin-right-small:0px;--awb-margin-bottom-small:20px;--awb-margin-left-small:0px;\"><h4 class=\"fusion-title-heading title-heading-center\" style=\"margin:0;\"><h3 data-start=\"689\" data-end=\"702\">Reception<\/h3><\/h4><\/div><div class=\"fusion-title title fusion-title-6 fusion-sep-none fusion-title-center fusion-title-text fusion-title-size-paragraph\" style=\"--awb-margin-top-small:10px;--awb-margin-right-small:0px;--awb-margin-bottom-small:10px;--awb-margin-left-small:0px;\"><p class=\"fusion-title-heading title-heading-center title-heading-tag\" style=\"font-family:&quot;franklin-gothic-compressed&quot;;font-style:normal;font-weight:400;margin:0;\">V\u00e4xel: <a href=\"tel:0046418451100\">0418-451100<\/a><\/p><\/div><div class=\"fusion-separator fusion-has-icon\" style=\"align-self: center;margin-left: auto;margin-right: auto;margin-top:20px;width:100%;max-width:60%;\"><div class=\"fusion-separator-border sep-single sep-solid\" style=\"--awb-height:20px;--awb-amount:20px;--awb-sep-color:var(--awb-custom_color_7);border-color:var(--awb-custom_color_7);border-top-width:1px;\"><\/div><span class=\"icon-wrapper\" style=\"border-color:transparent;font-size:10px;width: 1.75em; height: 1.75em;border-width:1px;padding:1px;margin-top:-0.5px\"><i class=\"fa-certificate fal\" style=\"font-size: inherit;color:#fff;\" aria-hidden=\"true\"><\/i><\/span><div class=\"fusion-separator-border sep-single sep-solid\" style=\"--awb-height:20px;--awb-amount:20px;--awb-sep-color:var(--awb-custom_color_7);border-color:var(--awb-custom_color_7);border-top-width:1px;\"><\/div><\/div><\/div><\/div><\/div><\/div><\/div><\/div><\/div><\/p>\n","protected":false},"excerpt":{"rendered":"","protected":false},"author":4,"featured_media":0,"parent":0,"menu_order":0,"comment_status":"closed","ping_status":"closed","template":"100-width.php","meta":{"inline_featured_image":false,"_themeisle_gutenberg_block_has_review":false,"footnotes":""},"class_list":["post-17710","page","type-page","status-publish","hentry"],"yoast_head":"<!-- This site is optimized with the Yoast SEO plugin v27.1.1 - https:\/\/yoast.com\/product\/yoast-seo-wordpress\/ -->\n<title>Kontakt | Maryhill Estate\u00ae<\/title>\n<meta name=\"robots\" content=\"index, follow, max-snippet:-1, max-image-preview:large, max-video-preview:-1\" \/>\n<link rel=\"canonical\" href=\"https:\/\/maryhillestate.com\/da\/kontakt\/\" \/>\n<meta property=\"og:locale\" content=\"da_DK\" \/>\n<meta property=\"og:type\" content=\"article\" \/>\n<meta property=\"og:title\" content=\"Kontakt | Maryhill Estate\u00ae\" \/>\n<meta property=\"og:url\" content=\"https:\/\/maryhillestate.com\/da\/kontakt\/\" \/>\n<meta property=\"og:site_name\" content=\"Maryhill Estate\u00ae\" \/>\n<meta property=\"article:modified_time\" content=\"2026-02-10T11:25:48+00:00\" \/>\n<meta property=\"og:image\" content=\"https:\/\/maryhillestate.com\/wp-content\/uploads\/2024\/09\/maryhill-og.jpg\" \/>\n\t<meta property=\"og:image:width\" content=\"1200\" \/>\n\t<meta property=\"og:image:height\" content=\"630\" \/>\n\t<meta property=\"og:image:type\" content=\"image\/jpeg\" \/>\n<meta name=\"twitter:card\" content=\"summary_large_image\" \/>\n<meta name=\"twitter:label1\" content=\"Estimeret l\u00e6setid\" \/>\n\t<meta name=\"twitter:data1\" content=\"1 minut\" \/>\n<script type=\"application\/ld+json\" class=\"yoast-schema-graph\">{\"@context\":\"https:\/\/schema.org\",\"@graph\":[{\"@type\":\"WebPage\",\"@id\":\"https:\/\/maryhillestate.com\/da\/kontakt\/\",\"url\":\"https:\/\/maryhillestate.com\/da\/kontakt\/\",\"name\":\"Kontakt | Maryhill Estate\u00ae\",\"isPartOf\":{\"@id\":\"https:\/\/maryhillestate.com\/da\/#website\"},\"datePublished\":\"2024-02-26T11:55:58+00:00\",\"dateModified\":\"2026-02-10T11:25:48+00:00\",\"breadcrumb\":{\"@id\":\"https:\/\/maryhillestate.com\/da\/kontakt\/#breadcrumb\"},\"inLanguage\":\"da-DK\",\"potentialAction\":[{\"@type\":\"ReadAction\",\"target\":[\"https:\/\/maryhillestate.com\/da\/kontakt\/\"]}]},{\"@type\":\"BreadcrumbList\",\"@id\":\"https:\/\/maryhillestate.com\/da\/kontakt\/#breadcrumb\",\"itemListElement\":[{\"@type\":\"ListItem\",\"position\":1,\"name\":\"Hem\",\"item\":\"https:\/\/maryhillestate.com\/da\/\"},{\"@type\":\"ListItem\",\"position\":2,\"name\":\"Kontakt\"}]},{\"@type\":\"WebSite\",\"@id\":\"https:\/\/maryhillestate.com\/da\/#website\",\"url\":\"https:\/\/maryhillestate.com\/da\/\",\"name\":\"Maryhill Estate\u00ae\",\"description\":\"\",\"publisher\":{\"@id\":\"https:\/\/maryhillestate.com\/da\/#organization\"},\"potentialAction\":[{\"@type\":\"SearchAction\",\"target\":{\"@type\":\"EntryPoint\",\"urlTemplate\":\"https:\/\/maryhillestate.com\/da\/?s={search_term_string}\"},\"query-input\":{\"@type\":\"PropertyValueSpecification\",\"valueRequired\":true,\"valueName\":\"search_term_string\"}}],\"inLanguage\":\"da-DK\"},{\"@type\":\"Organization\",\"@id\":\"https:\/\/maryhillestate.com\/da\/#organization\",\"name\":\"Maryhill Estate\u00ae\",\"url\":\"https:\/\/maryhillestate.com\/da\/\",\"logo\":{\"@type\":\"ImageObject\",\"inLanguage\":\"da-DK\",\"@id\":\"https:\/\/maryhillestate.com\/da\/#\/schema\/logo\/image\/\",\"url\":\"https:\/\/maryhillestate.com\/wp-content\/uploads\/2023\/03\/Maryhill-Estate-Logo-blue.png\",\"contentUrl\":\"https:\/\/maryhillestate.com\/wp-content\/uploads\/2023\/03\/Maryhill-Estate-Logo-blue.png\",\"width\":1500,\"height\":1053,\"caption\":\"Maryhill Estate\u00ae\"},\"image\":{\"@id\":\"https:\/\/maryhillestate.com\/da\/#\/schema\/logo\/image\/\"}}]}<\/script>\n<!-- \/ Yoast SEO plugin. -->","yoast_head_json":{"title":"Kontakt | Maryhill Estate\u00ae","robots":{"index":"index","follow":"follow","max-snippet":"max-snippet:-1","max-image-preview":"max-image-preview:large","max-video-preview":"max-video-preview:-1"},"canonical":"https:\/\/maryhillestate.com\/da\/kontakt\/","og_locale":"da_DK","og_type":"article","og_title":"Kontakt | Maryhill Estate\u00ae","og_url":"https:\/\/maryhillestate.com\/da\/kontakt\/","og_site_name":"Maryhill Estate\u00ae","article_modified_time":"2026-02-10T11:25:48+00:00","og_image":[{"width":1200,"height":630,"url":"https:\/\/maryhillestate.com\/wp-content\/uploads\/2024\/09\/maryhill-og.jpg","type":"image\/jpeg"}],"twitter_card":"summary_large_image","twitter_misc":{"Estimeret l\u00e6setid":"1 minut"},"schema":{"@context":"https:\/\/schema.org","@graph":[{"@type":"WebPage","@id":"https:\/\/maryhillestate.com\/da\/kontakt\/","url":"https:\/\/maryhillestate.com\/da\/kontakt\/","name":"Kontakt | Maryhill Estate\u00ae","isPartOf":{"@id":"https:\/\/maryhillestate.com\/da\/#website"},"datePublished":"2024-02-26T11:55:58+00:00","dateModified":"2026-02-10T11:25:48+00:00","breadcrumb":{"@id":"https:\/\/maryhillestate.com\/da\/kontakt\/#breadcrumb"},"inLanguage":"da-DK","potentialAction":[{"@type":"ReadAction","target":["https:\/\/maryhillestate.com\/da\/kontakt\/"]}]},{"@type":"BreadcrumbList","@id":"https:\/\/maryhillestate.com\/da\/kontakt\/#breadcrumb","itemListElement":[{"@type":"ListItem","position":1,"name":"Hem","item":"https:\/\/maryhillestate.com\/da\/"},{"@type":"ListItem","position":2,"name":"Kontakt"}]},{"@type":"WebSite","@id":"https:\/\/maryhillestate.com\/da\/#website","url":"https:\/\/maryhillestate.com\/da\/","name":"Maryhill Estate\u00ae","description":"","publisher":{"@id":"https:\/\/maryhillestate.com\/da\/#organization"},"potentialAction":[{"@type":"SearchAction","target":{"@type":"EntryPoint","urlTemplate":"https:\/\/maryhillestate.com\/da\/?s={search_term_string}"},"query-input":{"@type":"PropertyValueSpecification","valueRequired":true,"valueName":"search_term_string"}}],"inLanguage":"da-DK"},{"@type":"Organization","@id":"https:\/\/maryhillestate.com\/da\/#organization","name":"Maryhill Estate\u00ae","url":"https:\/\/maryhillestate.com\/da\/","logo":{"@type":"ImageObject","inLanguage":"da-DK","@id":"https:\/\/maryhillestate.com\/da\/#\/schema\/logo\/image\/","url":"https:\/\/maryhillestate.com\/wp-content\/uploads\/2023\/03\/Maryhill-Estate-Logo-blue.png","contentUrl":"https:\/\/maryhillestate.com\/wp-content\/uploads\/2023\/03\/Maryhill-Estate-Logo-blue.png","width":1500,"height":1053,"caption":"Maryhill Estate\u00ae"},"image":{"@id":"https:\/\/maryhillestate.com\/da\/#\/schema\/logo\/image\/"}}]}},"_links":{"self":[{"href":"https:\/\/maryhillestate.com\/da\/wp-json\/wp\/v2\/pages\/17710","targetHints":{"allow":["GET"]}}],"collection":[{"href":"https:\/\/maryhillestate.com\/da\/wp-json\/wp\/v2\/pages"}],"about":[{"href":"https:\/\/maryhillestate.com\/da\/wp-json\/wp\/v2\/types\/page"}],"author":[{"embeddable":true,"href":"https:\/\/maryhillestate.com\/da\/wp-json\/wp\/v2\/users\/4"}],"replies":[{"embeddable":true,"href":"https:\/\/maryhillestate.com\/da\/wp-json\/wp\/v2\/comments?post=17710"}],"version-history":[{"count":3,"href":"https:\/\/maryhillestate.com\/da\/wp-json\/wp\/v2\/pages\/17710\/revisions"}],"predecessor-version":[{"id":18808,"href":"https:\/\/maryhillestate.com\/da\/wp-json\/wp\/v2\/pages\/17710\/revisions\/18808"}],"wp:attachment":[{"href":"https:\/\/maryhillestate.com\/da\/wp-json\/wp\/v2\/media?parent=17710"}],"curies":[{"name":"wp","href":"https:\/\/api.w.org\/{rel}","templated":true}]}}